{"id":1083,"date":"2025-08-18T15:30:58","date_gmt":"2025-08-18T15:30:58","guid":{"rendered":"https:\/\/hardhax.com\/?page_id=1083"},"modified":"2025-09-04T11:50:45","modified_gmt":"2025-09-04T15:50:45","slug":"documentations","status":"publish","type":"page","link":"https:\/\/cloudazdra.com\/index.php\/documentations\/","title":{"rendered":"Documenta\u00e7\u00f5es"},"content":{"rendered":"\t\t<div data-elementor-type=\"wp-page\" data-elementor-id=\"1083\" class=\"elementor elementor-1083\" data-elementor-post-type=\"page\">\n\t\t\t\t<div class=\"elementor-element elementor-element-6837eff e-flex e-con-boxed e-con e-parent\" data-id=\"6837eff\" data-element_type=\"container\">\n\t\t\t\t\t<div class=\"e-con-inner\">\n\t\t\t\t<div class=\"elementor-element elementor-element-64a4670 elementor-widget elementor-widget-text-editor\" data-id=\"64a4670\" data-element_type=\"widget\" data-widget_type=\"text-editor.default\">\n\t\t\t\t<div class=\"elementor-widget-container\">\n\t\t\t\t\t\t\t\t\t<p>Esta documenta\u00e7\u00e3o tem como objetivo fornecer aos propriet\u00e1rios de lojas WooCommerce, desenvolvedores e qualquer pessoa interessada em utilizar efetivamente os produtos Hardhax orienta\u00e7\u00e3o e informa\u00e7\u00f5es completas.<\/p><p><!-- \/wp:paragraph --><\/p><p><!-- wp:heading --><\/p><h2 class=\"wp-block-heading\">Pr\u00e9-requisitos (importante)<\/h2><p><!-- \/wp:heading --><\/p><p><!-- wp:list --><\/p><ul class=\"wp-block-list\"><li style=\"list-style-type: none;\"><ul class=\"wp-block-list\"><!-- wp:list-item --><li>A vers\u00e3o m\u00ednima necess\u00e1ria do MySQL \u00e9 5.6 para usar qualquer um dos nossos plugins gratuitos e premium.<\/li><\/ul><\/li><\/ul><p><!-- \/wp:list-item --><\/p><p><!-- wp:list-item --><\/p><ul class=\"wp-block-list\"><li style=\"list-style-type: none;\"><ul class=\"wp-block-list\"><li>A vers\u00e3o m\u00ednima necess\u00e1ria do WordPress \u00e9 5.0 para usar qualquer um dos nossos plugins gratuitos e premium.<\/li><\/ul><\/li><\/ul><p><!-- \/wp:list-item --><\/p><p><!-- wp:list-item --><\/p><ul class=\"wp-block-list\"><li style=\"list-style-type: none;\"><ul class=\"wp-block-list\"><li>A vers\u00e3o m\u00ednima necess\u00e1ria do PHP \u00e9 7.4 para usar qualquer um dos nossos plugins gratuitos e premium. (PHP 7.4 ou superior \u00e9 recomendado)<\/li><\/ul><\/li><\/ul><p><!-- \/wp:list-item --><\/p><p><!-- \/wp:list --><\/p><p><!-- wp:paragraph --><\/p><p>O objetivo \u00e9 fornecer instru\u00e7\u00f5es precisas, melhores pr\u00e1ticas e insights sobre todas as caracter\u00edsticas comuns do plugin.<\/p><p><!-- \/wp:paragraph --><\/p>\t\t\t\t\t\t\t\t<\/div>\n\t\t\t\t<\/div>\n\t\t\t\t<div class=\"elementor-element elementor-element-76fc6ee elementor-widget elementor-widget-heading\" data-id=\"76fc6ee\" data-element_type=\"widget\" data-widget_type=\"heading.default\">\n\t\t\t\t<div class=\"elementor-widget-container\">\n\t\t\t\t\t<h2 class=\"elementor-heading-title elementor-size-default\">Documenta\u00e7\u00f5es<\/h2>\t\t\t\t<\/div>\n\t\t\t\t<\/div>\n\t\t\t\t\t<\/div>\n\t\t\t\t<\/div>\n\t\t<div class=\"elementor-element elementor-element-b8e872e e-flex e-con-boxed e-con e-parent\" data-id=\"b8e872e\" data-element_type=\"container\">\n\t\t\t\t\t<div class=\"e-con-inner\">\n\t\t<div class=\"elementor-element elementor-element-a2c503d e-con-full e-flex e-con e-child\" data-id=\"a2c503d\" data-element_type=\"container\">\n\t\t\t\t<div class=\"elementor-element elementor-element-faf9aba elementor-widget elementor-widget-image\" data-id=\"faf9aba\" data-element_type=\"widget\" data-widget_type=\"image.default\">\n\t\t\t\t<div class=\"elementor-widget-container\">\n\t\t\t\t\t\t\t\t\t\t\t\t\t\t\t\t<a href=\"https:\/\/cloudazdra.com\/index.php\/docs\/wc-serial-numbers\/\">\n\t\t\t\t\t\t\t<img fetchpriority=\"high\" decoding=\"async\" width=\"1024\" height=\"502\" src=\"https:\/\/cloudazdra.com\/wp-content\/uploads\/2025\/08\/Serial-Numbers-1024x502.png\" class=\"attachment-large size-large wp-image-1031\" alt=\"\" srcset=\"https:\/\/cloudazdra.com\/wp-content\/uploads\/2025\/08\/Serial-Numbers-1024x502.png 1024w, https:\/\/cloudazdra.com\/wp-content\/uploads\/2025\/08\/Serial-Numbers-300x147.png 300w, https:\/\/cloudazdra.com\/wp-content\/uploads\/2025\/08\/Serial-Numbers-768x377.png 768w, https:\/\/cloudazdra.com\/wp-content\/uploads\/2025\/08\/Serial-Numbers-1536x753.png 1536w, https:\/\/cloudazdra.com\/wp-content\/uploads\/2025\/08\/Serial-Numbers-600x294.png 600w, https:\/\/cloudazdra.com\/wp-content\/uploads\/2025\/08\/Serial-Numbers.png 1640w\" sizes=\"(max-width: 1024px) 100vw, 1024px\" \/>\t\t\t\t\t\t\t\t<\/a>\n\t\t\t\t\t\t\t\t\t\t\t\t\t\t\t<\/div>\n\t\t\t\t<\/div>\n\t\t\t\t<div class=\"elementor-element elementor-element-9c37750 elementor-widget elementor-widget-heading\" data-id=\"9c37750\" data-element_type=\"widget\" data-widget_type=\"heading.default\">\n\t\t\t\t<div class=\"elementor-widget-container\">\n\t\t\t\t\t<h2 class=\"elementor-heading-title elementor-size-default\"><a href=\"https:\/\/cloudazdra.com\/index.php\/docs\/wc-serial-numbers\/\">WC Serial Numbers Pro<\/a><\/h2>\t\t\t\t<\/div>\n\t\t\t\t<\/div>\n\t\t\t\t<div class=\"elementor-element elementor-element-bc57065 elementor-widget elementor-widget-text-editor\" data-id=\"bc57065\" data-element_type=\"widget\" data-widget_type=\"text-editor.default\">\n\t\t\t\t<div class=\"elementor-widget-container\">\n\t\t\t\t\t\t\t\t\t<p>Se voc\u00ea estiver confuso sobre como atribuir chaves a produtos, API ou gerenciamento geral de licen\u00e7as, este guia do usu\u00e1rio ajudar\u00e1 voc\u00ea a aprender todos os detalhes essenciais.<\/p>\t\t\t\t\t\t\t\t<\/div>\n\t\t\t\t<\/div>\n\t\t\t\t<div class=\"elementor-element elementor-element-5c956d3 elementor-align-justify elementor-widget elementor-widget-button\" data-id=\"5c956d3\" data-element_type=\"widget\" data-widget_type=\"button.default\">\n\t\t\t\t<div class=\"elementor-widget-container\">\n\t\t\t\t\t\t\t\t\t<div class=\"elementor-button-wrapper\">\n\t\t\t\t\t<a class=\"elementor-button elementor-button-link elementor-size-sm\" href=\"https:\/\/cloudazdra.com\/index.php\/docs\/wc-serial-numbers\/\">\n\t\t\t\t\t\t<span class=\"elementor-button-content-wrapper\">\n\t\t\t\t\t\t<span class=\"elementor-button-icon\">\n\t\t\t\t<svg aria-hidden=\"true\" class=\"e-font-icon-svg e-fas-angle-right\" viewBox=\"0 0 256 512\" xmlns=\"http:\/\/www.w3.org\/2000\/svg\"><path d=\"M224.3 273l-136 136c-9.4 9.4-24.6 9.4-33.9 0l-22.6-22.6c-9.4-9.4-9.4-24.6 0-33.9l96.4-96.4-96.4-96.4c-9.4-9.4-9.4-24.6 0-33.9L54.3 103c9.4-9.4 24.6-9.4 33.9 0l136 136c9.5 9.4 9.5 24.6.1 34z\"><\/path><\/svg>\t\t\t<\/span>\n\t\t\t\t\t\t\t\t\t<span class=\"elementor-button-text\">Ir para a documenta\u00e7\u00e3o<\/span>\n\t\t\t\t\t<\/span>\n\t\t\t\t\t<\/a>\n\t\t\t\t<\/div>\n\t\t\t\t\t\t\t\t<\/div>\n\t\t\t\t<\/div>\n\t\t\t\t<\/div>\n\t\t<div class=\"elementor-element elementor-element-92dc430 e-con-full e-flex e-con e-child\" data-id=\"92dc430\" data-element_type=\"container\">\n\t\t\t\t<div class=\"elementor-element elementor-element-01fea79 elementor-widget elementor-widget-image\" data-id=\"01fea79\" data-element_type=\"widget\" data-widget_type=\"image.default\">\n\t\t\t\t<div class=\"elementor-widget-container\">\n\t\t\t\t\t\t\t\t\t\t\t\t\t\t\t\t<a href=\"https:\/\/cloudazdra.com\/index.php\/docs\/wc-min-max-quantities\/\">\n\t\t\t\t\t\t\t<img decoding=\"async\" width=\"300\" height=\"147\" src=\"https:\/\/cloudazdra.com\/wp-content\/uploads\/2025\/08\/Min-Max-300x147.png\" class=\"attachment-medium size-medium wp-image-1041\" alt=\"\" srcset=\"https:\/\/cloudazdra.com\/wp-content\/uploads\/2025\/08\/Min-Max-300x147.png 300w, https:\/\/cloudazdra.com\/wp-content\/uploads\/2025\/08\/Min-Max-1024x502.png 1024w, https:\/\/cloudazdra.com\/wp-content\/uploads\/2025\/08\/Min-Max-768x377.png 768w, https:\/\/cloudazdra.com\/wp-content\/uploads\/2025\/08\/Min-Max-1536x753.png 1536w, https:\/\/cloudazdra.com\/wp-content\/uploads\/2025\/08\/Min-Max-600x294.png 600w, https:\/\/cloudazdra.com\/wp-content\/uploads\/2025\/08\/Min-Max.png 1640w\" sizes=\"(max-width: 300px) 100vw, 300px\" \/>\t\t\t\t\t\t\t\t<\/a>\n\t\t\t\t\t\t\t\t\t\t\t\t\t\t\t<\/div>\n\t\t\t\t<\/div>\n\t\t\t\t<div class=\"elementor-element elementor-element-60739de elementor-widget elementor-widget-heading\" data-id=\"60739de\" data-element_type=\"widget\" data-widget_type=\"heading.default\">\n\t\t\t\t<div class=\"elementor-widget-container\">\n\t\t\t\t\t<h2 class=\"elementor-heading-title elementor-size-default\"><a href=\"https:\/\/cloudazdra.com\/index.php\/docs\/wc-min-max-quantities\/\">WC Min Max Quantities<\/a><\/h2>\t\t\t\t<\/div>\n\t\t\t\t<\/div>\n\t\t\t\t<div class=\"elementor-element elementor-element-8d11b7d elementor-widget elementor-widget-text-editor\" data-id=\"8d11b7d\" data-element_type=\"widget\" data-widget_type=\"text-editor.default\">\n\t\t\t\t<div class=\"elementor-widget-container\">\n\t\t\t\t\t\t\t\t\t<p>Se voc\u00ea estiver confuso sobre como atribuir regras m\u00ednimas e m\u00e1ximas ou restri\u00e7\u00f5es de pre\u00e7o, este guia do usu\u00e1rio ajudar\u00e1 voc\u00ea a aprender todos os detalhes essenciais.<\/p>\t\t\t\t\t\t\t\t<\/div>\n\t\t\t\t<\/div>\n\t\t\t\t<div class=\"elementor-element elementor-element-b0968cb elementor-align-justify elementor-widget elementor-widget-button\" data-id=\"b0968cb\" data-element_type=\"widget\" data-widget_type=\"button.default\">\n\t\t\t\t<div class=\"elementor-widget-container\">\n\t\t\t\t\t\t\t\t\t<div class=\"elementor-button-wrapper\">\n\t\t\t\t\t<a class=\"elementor-button elementor-button-link elementor-size-sm\" href=\"https:\/\/cloudazdra.com\/index.php\/docs\/wc-min-max-quantities\/\">\n\t\t\t\t\t\t<span class=\"elementor-button-content-wrapper\">\n\t\t\t\t\t\t<span class=\"elementor-button-icon\">\n\t\t\t\t<svg aria-hidden=\"true\" class=\"e-font-icon-svg e-fas-angle-right\" viewBox=\"0 0 256 512\" xmlns=\"http:\/\/www.w3.org\/2000\/svg\"><path d=\"M224.3 273l-136 136c-9.4 9.4-24.6 9.4-33.9 0l-22.6-22.6c-9.4-9.4-9.4-24.6 0-33.9l96.4-96.4-96.4-96.4c-9.4-9.4-9.4-24.6 0-33.9L54.3 103c9.4-9.4 24.6-9.4 33.9 0l136 136c9.5 9.4 9.5 24.6.1 34z\"><\/path><\/svg>\t\t\t<\/span>\n\t\t\t\t\t\t\t\t\t<span class=\"elementor-button-text\">Ir para a documenta\u00e7\u00e3o<\/span>\n\t\t\t\t\t<\/span>\n\t\t\t\t\t<\/a>\n\t\t\t\t<\/div>\n\t\t\t\t\t\t\t\t<\/div>\n\t\t\t\t<\/div>\n\t\t\t\t<\/div>\n\t\t<div class=\"elementor-element elementor-element-f599e28 e-con-full e-flex e-con e-child\" data-id=\"f599e28\" data-element_type=\"container\">\n\t\t\t\t<div class=\"elementor-element elementor-element-0630b23 elementor-widget elementor-widget-image\" data-id=\"0630b23\" data-element_type=\"widget\" data-widget_type=\"image.default\">\n\t\t\t\t<div class=\"elementor-widget-container\">\n\t\t\t\t\t\t\t\t\t\t\t\t\t\t\t<img decoding=\"async\" width=\"150\" height=\"150\" src=\"https:\/\/cloudazdra.com\/wp-content\/uploads\/2025\/08\/woocommerce-b2b-solution-150x150.jpg\" class=\"attachment-thumbnail size-thumbnail wp-image-1052\" alt=\"\" srcset=\"https:\/\/cloudazdra.com\/wp-content\/uploads\/2025\/08\/woocommerce-b2b-solution-150x150.jpg 150w, https:\/\/cloudazdra.com\/wp-content\/uploads\/2025\/08\/woocommerce-b2b-solution-300x300.jpg 300w, https:\/\/cloudazdra.com\/wp-content\/uploads\/2025\/08\/woocommerce-b2b-solution-100x100.jpg 100w\" sizes=\"(max-width: 150px) 100vw, 150px\" \/>\t\t\t\t\t\t\t\t\t\t\t\t\t\t\t<\/div>\n\t\t\t\t<\/div>\n\t\t\t\t<div class=\"elementor-element elementor-element-5eafc75 elementor-widget elementor-widget-heading\" data-id=\"5eafc75\" data-element_type=\"widget\" data-widget_type=\"heading.default\">\n\t\t\t\t<div class=\"elementor-widget-container\">\n\t\t\t\t\t<h2 class=\"elementor-heading-title elementor-size-default\">WC Wholesale Manager<\/h2>\t\t\t\t<\/div>\n\t\t\t\t<\/div>\n\t\t\t\t<div class=\"elementor-element elementor-element-2359f8f elementor-widget elementor-widget-text-editor\" data-id=\"2359f8f\" data-element_type=\"widget\" data-widget_type=\"text-editor.default\">\n\t\t\t\t<div class=\"elementor-widget-container\">\n\t\t\t\t\t\t\t\t\t<p>Se voc\u00ea estiver confuso sobre como implementar uma funcionalidade de atacado B2B em sua loja, este guia do usu\u00e1rio ajudar\u00e1.<\/p>\t\t\t\t\t\t\t\t<\/div>\n\t\t\t\t<\/div>\n\t\t\t\t<div class=\"elementor-element elementor-element-69c3662 elementor-align-justify elementor-widget elementor-widget-button\" data-id=\"69c3662\" data-element_type=\"widget\" data-widget_type=\"button.default\">\n\t\t\t\t<div class=\"elementor-widget-container\">\n\t\t\t\t\t\t\t\t\t<div class=\"elementor-button-wrapper\">\n\t\t\t\t\t<a class=\"elementor-button elementor-button-link elementor-size-sm\" href=\"#\">\n\t\t\t\t\t\t<span class=\"elementor-button-content-wrapper\">\n\t\t\t\t\t\t<span class=\"elementor-button-icon\">\n\t\t\t\t<svg aria-hidden=\"true\" class=\"e-font-icon-svg e-fas-angle-right\" viewBox=\"0 0 256 512\" xmlns=\"http:\/\/www.w3.org\/2000\/svg\"><path d=\"M224.3 273l-136 136c-9.4 9.4-24.6 9.4-33.9 0l-22.6-22.6c-9.4-9.4-9.4-24.6 0-33.9l96.4-96.4-96.4-96.4c-9.4-9.4-9.4-24.6 0-33.9L54.3 103c9.4-9.4 24.6-9.4 33.9 0l136 136c9.5 9.4 9.5 24.6.1 34z\"><\/path><\/svg>\t\t\t<\/span>\n\t\t\t\t\t\t\t\t\t<span class=\"elementor-button-text\">Ir para a documenta\u00e7\u00e3o<\/span>\n\t\t\t\t\t<\/span>\n\t\t\t\t\t<\/a>\n\t\t\t\t<\/div>\n\t\t\t\t\t\t\t\t<\/div>\n\t\t\t\t<\/div>\n\t\t\t\t<\/div>\n\t\t\t\t\t<\/div>\n\t\t\t\t<\/div>\n\t\t\t\t<\/div>\n\t\t","protected":false},"excerpt":{"rendered":"<p>Esta documenta\u00e7\u00e3o tem como objetivo fornecer aos propriet\u00e1rios de lojas WooCommerce, desenvolvedores e qualquer pessoa interessada em utilizar efetivamente os produtos Hardhax orienta\u00e7\u00e3o e informa\u00e7\u00f5es completas. Pr\u00e9-requisitos (importante) A vers\u00e3o m\u00ednima necess\u00e1ria do MySQL \u00e9 5.6 para usar qualquer um dos nossos plugins gratuitos e premium. A vers\u00e3o m\u00ednima necess\u00e1ria do WordPress \u00e9 5.0 para [&hellip;]<\/p>\n","protected":false},"author":3,"featured_media":0,"parent":0,"menu_order":0,"comment_status":"closed","ping_status":"closed","template":"","meta":{"footnotes":""},"class_list":["post-1083","page","type-page","status-publish","hentry"],"blocksy_meta":{"has_hero_section":"disabled","styles_descriptor":{"styles":{"desktop":"","tablet":"","mobile":""},"google_fonts":[],"version":6}},"_links":{"self":[{"href":"https:\/\/cloudazdra.com\/index.php\/wp-json\/wp\/v2\/pages\/1083","targetHints":{"allow":["GET"]}}],"collection":[{"href":"https:\/\/cloudazdra.com\/index.php\/wp-json\/wp\/v2\/pages"}],"about":[{"href":"https:\/\/cloudazdra.com\/index.php\/wp-json\/wp\/v2\/types\/page"}],"author":[{"embeddable":true,"href":"https:\/\/cloudazdra.com\/index.php\/wp-json\/wp\/v2\/users\/3"}],"replies":[{"embeddable":true,"href":"https:\/\/cloudazdra.com\/index.php\/wp-json\/wp\/v2\/comments?post=1083"}],"version-history":[{"count":13,"href":"https:\/\/cloudazdra.com\/index.php\/wp-json\/wp\/v2\/pages\/1083\/revisions"}],"predecessor-version":[{"id":1390,"href":"https:\/\/cloudazdra.com\/index.php\/wp-json\/wp\/v2\/pages\/1083\/revisions\/1390"}],"wp:attachment":[{"href":"https:\/\/cloudazdra.com\/index.php\/wp-json\/wp\/v2\/media?parent=1083"}],"curies":[{"name":"wp","href":"https:\/\/api.w.org\/{rel}","templated":true}]}}