{"id":1217,"date":"2025-08-21T20:04:53","date_gmt":"2025-08-21T20:04:53","guid":{"rendered":"https:\/\/cloud-azdra.com\/?page_id=1217"},"modified":"2025-08-21T20:06:29","modified_gmt":"2025-08-21T20:06:29","slug":"plugins","status":"publish","type":"page","link":"https:\/\/cloudazdra.com\/index.php\/plugins\/","title":{"rendered":"Plugins"},"content":{"rendered":"<div class=\"woocommerce columns-3 \"><ul class=\"products columns-3\" data-products=\"type-1\" data-hover=\"zoom-in\">\n<li class=\"product type-product post-1396 status-publish first instock product_cat-cs2-plano-premium product_cat-cs2-premium-plan product_cat-cs2-easyflexchat product_cat-uncategorized product_tag-counter-strike-2 product_tag-cs2-chat-plugin product_tag-cs2-plugins has-post-thumbnail shipping-taxable purchasable product-type-variable-subscription\">\n\t<a href=\"https:\/\/cloudazdra.com\/index.php\/product\/cs2-premium-plan-cs2-easyflexchat\/\" class=\"woocommerce-LoopProduct-link woocommerce-loop-product__link\"><img fetchpriority=\"high\" decoding=\"async\" width=\"300\" height=\"300\" src=\"https:\/\/cloudazdra.com\/wp-content\/uploads\/2025\/09\/cs2-premium-logo-300x300.webp\" class=\"attachment-woocommerce_thumbnail size-woocommerce_thumbnail\" alt=\"CS2 - Plano Premium (CS2-EasyFlexChat)\" srcset=\"https:\/\/cloudazdra.com\/wp-content\/uploads\/2025\/09\/cs2-premium-logo-300x300.webp 300w, https:\/\/cloudazdra.com\/wp-content\/uploads\/2025\/09\/cs2-premium-logo-150x150.webp 150w, https:\/\/cloudazdra.com\/wp-content\/uploads\/2025\/09\/cs2-premium-logo-100x100.webp 100w\" sizes=\"(max-width: 300px) 100vw, 300px\" \/><h2 class=\"woocommerce-loop-product__title\">CS2 &#8211; Plano Premium (CS2-EasyFlexChat)<\/h2>\n\t<span class=\"price\"><span class=\"from\">A partir de: <\/span><span class=\"woocommerce-Price-amount amount\"><bdi><span class=\"woocommerce-Price-currencySymbol\">&#82;&#36;<\/span>&nbsp;23,99<\/bdi><\/span> <span class=\"subscription-details\"> \/ m\u00eas<\/span><\/span>\n<\/a><a href=\"https:\/\/cloudazdra.com\/index.php\/product\/cs2-premium-plan-cs2-easyflexchat\/\" aria-describedby=\"woocommerce_loop_add_to_cart_link_describedby_1396\" data-quantity=\"1\" class=\"button product_type_variable-subscription add_to_cart_button\" data-product_id=\"1396\" data-product_sku=\"\" aria-label=\"Selecione as op\u00e7\u00f5es para &ldquo;CS2 - Plano Premium (CS2-EasyFlexChat)&rdquo;\" rel=\"nofollow\">Ver op\u00e7\u00f5es<\/a>\t<span id=\"woocommerce_loop_add_to_cart_link_describedby_1396\" class=\"screen-reader-text\">\n\t\tEste produto tem v\u00e1rias variantes. As op\u00e7\u00f5es podem ser escolhidas na p\u00e1gina do produto\t<\/span>\n<\/li>\n<li class=\"product type-product post-1293 status-publish instock product_cat-premium-plan product_cat-premium-plan-all-plugins-acess product_cat-woocommerce product_cat-wordpress has-post-thumbnail shipping-taxable purchasable product-type-variable-subscription\">\n\t<a href=\"https:\/\/cloudazdra.com\/index.php\/product\/premium-plan-all-plugins-acess\/\" class=\"woocommerce-LoopProduct-link woocommerce-loop-product__link\"><img decoding=\"async\" width=\"300\" height=\"300\" src=\"https:\/\/cloudazdra.com\/wp-content\/uploads\/2025\/08\/All-Plugins-Access-300x300.png\" class=\"attachment-woocommerce_thumbnail size-woocommerce_thumbnail\" alt=\"Plano Premium - Acesso a todos os Plugins\" srcset=\"https:\/\/cloudazdra.com\/wp-content\/uploads\/2025\/08\/All-Plugins-Access-300x300.png 300w, https:\/\/cloudazdra.com\/wp-content\/uploads\/2025\/08\/All-Plugins-Access-150x150.png 150w, https:\/\/cloudazdra.com\/wp-content\/uploads\/2025\/08\/All-Plugins-Access-100x100.png 100w\" sizes=\"(max-width: 300px) 100vw, 300px\" \/><h2 class=\"woocommerce-loop-product__title\">Plano Premium &#8211; Acesso a todos os Plugins<\/h2>\n\t<span class=\"price\"><span class=\"from\">A partir de: <\/span><span class=\"woocommerce-Price-amount amount\"><bdi><span class=\"woocommerce-Price-currencySymbol\">&#82;&#36;<\/span>&nbsp;656,00<\/bdi><\/span> <span class=\"subscription-details\"> \/ m\u00eas<\/span><\/span>\n<\/a><a href=\"https:\/\/cloudazdra.com\/index.php\/product\/premium-plan-all-plugins-acess\/\" aria-describedby=\"woocommerce_loop_add_to_cart_link_describedby_1293\" data-quantity=\"1\" class=\"button product_type_variable-subscription add_to_cart_button\" data-product_id=\"1293\" data-product_sku=\"\" aria-label=\"Selecione as op\u00e7\u00f5es para &ldquo;Plano Premium - Acesso a todos os Plugins&rdquo;\" rel=\"nofollow\">Ver op\u00e7\u00f5es<\/a>\t<span id=\"woocommerce_loop_add_to_cart_link_describedby_1293\" class=\"screen-reader-text\">\n\t\tEste produto tem v\u00e1rias variantes. As op\u00e7\u00f5es podem ser escolhidas na p\u00e1gina do produto\t<\/span>\n<\/li>\n<li class=\"product type-product post-1037 status-publish last instock product_cat-plugins product_cat-wc-min-max-quantities-pro product_cat-wordpress product_tag-wc-min-max-quantities-pro has-post-thumbnail shipping-taxable purchasable product-type-variable\">\n\t<a href=\"https:\/\/cloudazdra.com\/index.php\/product\/wc-min-max-quantities-pro\/\" class=\"woocommerce-LoopProduct-link woocommerce-loop-product__link\"><img decoding=\"async\" width=\"300\" height=\"300\" src=\"https:\/\/cloudazdra.com\/wp-content\/uploads\/2025\/08\/Min-Max-300x300.png\" class=\"attachment-woocommerce_thumbnail size-woocommerce_thumbnail\" alt=\"WC Min Max Quantities Pro\" srcset=\"https:\/\/cloudazdra.com\/wp-content\/uploads\/2025\/08\/Min-Max-300x300.png 300w, https:\/\/cloudazdra.com\/wp-content\/uploads\/2025\/08\/Min-Max-150x150.png 150w, https:\/\/cloudazdra.com\/wp-content\/uploads\/2025\/08\/Min-Max-100x100.png 100w\" sizes=\"(max-width: 300px) 100vw, 300px\" \/><h2 class=\"woocommerce-loop-product__title\">WC Min Max Quantities Pro<\/h2>\n\t<span class=\"price\"><span class=\"woocommerce-Price-amount amount\" aria-hidden=\"true\"><bdi><span class=\"woocommerce-Price-currencySymbol\">&#82;&#36;<\/span>&nbsp;125,00<\/bdi><\/span> <span aria-hidden=\"true\">&ndash;<\/span> <span class=\"woocommerce-Price-amount amount\" aria-hidden=\"true\"><bdi><span class=\"woocommerce-Price-currencySymbol\">&#82;&#36;<\/span>&nbsp;656,00<\/bdi><\/span><span class=\"screen-reader-text\">Price range: &#82;&#36;&nbsp;125,00 through &#82;&#36;&nbsp;656,00<\/span><\/span>\n<\/a><a href=\"https:\/\/cloudazdra.com\/index.php\/product\/wc-min-max-quantities-pro\/\" aria-describedby=\"woocommerce_loop_add_to_cart_link_describedby_1037\" data-quantity=\"1\" class=\"button product_type_variable add_to_cart_button\" data-product_id=\"1037\" data-product_sku=\"\" aria-label=\"Selecione as op\u00e7\u00f5es para &ldquo;WC Min Max Quantities Pro&rdquo;\" rel=\"nofollow\">Ver op\u00e7\u00f5es<\/a>\t<span id=\"woocommerce_loop_add_to_cart_link_describedby_1037\" class=\"screen-reader-text\">\n\t\tEste produto tem v\u00e1rias variantes. As op\u00e7\u00f5es podem ser escolhidas na p\u00e1gina do produto\t<\/span>\n<\/li>\n<li class=\"product type-product post-988 status-publish first instock product_cat-plugins product_cat-wordpress product_tag-plugins product_tag-wc-serial-numbers-pro product_tag-wordpress has-post-thumbnail shipping-taxable purchasable product-type-variable-subscription\">\n\t<a href=\"https:\/\/cloudazdra.com\/index.php\/product\/wc-serial-numbers-pro\/\" class=\"woocommerce-LoopProduct-link woocommerce-loop-product__link\"><img loading=\"lazy\" decoding=\"async\" width=\"300\" height=\"300\" src=\"https:\/\/cloudazdra.com\/wp-content\/uploads\/2025\/08\/wc-serial-numbers-main-logo-300x300.webp\" class=\"attachment-woocommerce_thumbnail size-woocommerce_thumbnail\" alt=\"WC Serial Numbers Pro\" srcset=\"https:\/\/cloudazdra.com\/wp-content\/uploads\/2025\/08\/wc-serial-numbers-main-logo-300x300.webp 300w, https:\/\/cloudazdra.com\/wp-content\/uploads\/2025\/08\/wc-serial-numbers-main-logo-150x150.webp 150w, https:\/\/cloudazdra.com\/wp-content\/uploads\/2025\/08\/wc-serial-numbers-main-logo-100x100.webp 100w\" sizes=\"(max-width: 300px) 100vw, 300px\" \/><h2 class=\"woocommerce-loop-product__title\">WC Serial Numbers Pro<\/h2>\n\t<span class=\"price\"><span class=\"from\">A partir de: <\/span><span class=\"woocommerce-Price-amount amount\"><bdi><span class=\"woocommerce-Price-currencySymbol\">&#82;&#36;<\/span>&nbsp;65,00<\/bdi><\/span> <span class=\"subscription-details\"> \/ m\u00eas<\/span><\/span>\n<\/a><a href=\"https:\/\/cloudazdra.com\/index.php\/product\/wc-serial-numbers-pro\/\" aria-describedby=\"woocommerce_loop_add_to_cart_link_describedby_988\" data-quantity=\"1\" class=\"button product_type_variable-subscription add_to_cart_button\" data-product_id=\"988\" data-product_sku=\"\" aria-label=\"Selecione as op\u00e7\u00f5es para &ldquo;WC Serial Numbers Pro&rdquo;\" rel=\"nofollow\">Ver op\u00e7\u00f5es<\/a>\t<span id=\"woocommerce_loop_add_to_cart_link_describedby_988\" class=\"screen-reader-text\">\n\t\tEste produto tem v\u00e1rias variantes. As op\u00e7\u00f5es podem ser escolhidas na p\u00e1gina do produto\t<\/span>\n<\/li>\n<li class=\"product type-product post-1289 status-publish instock product_cat-wc-serial-numbers-pro product_cat-wc-serial-numbers-pro-lifetime product_cat-woocommerce product_cat-wordpress has-post-thumbnail shipping-taxable purchasable product-type-variable\">\n\t<a href=\"https:\/\/cloudazdra.com\/index.php\/product\/wc-serial-numbers-pro-lifetime\/\" class=\"woocommerce-LoopProduct-link woocommerce-loop-product__link\"><img loading=\"lazy\" decoding=\"async\" width=\"300\" height=\"300\" src=\"https:\/\/cloudazdra.com\/wp-content\/uploads\/2025\/08\/Serial-Numbers-300x300.png\" class=\"attachment-woocommerce_thumbnail size-woocommerce_thumbnail\" alt=\"WC Serial Numbers Pro Lifetime\" srcset=\"https:\/\/cloudazdra.com\/wp-content\/uploads\/2025\/08\/Serial-Numbers-300x300.png 300w, https:\/\/cloudazdra.com\/wp-content\/uploads\/2025\/08\/Serial-Numbers-150x150.png 150w, https:\/\/cloudazdra.com\/wp-content\/uploads\/2025\/08\/Serial-Numbers-100x100.png 100w\" sizes=\"(max-width: 300px) 100vw, 300px\" \/><h2 class=\"woocommerce-loop-product__title\">WC Serial Numbers Pro Lifetime<\/h2>\n\t<span class=\"price\"><span class=\"woocommerce-Price-amount amount\" aria-hidden=\"true\"><bdi><span class=\"woocommerce-Price-currencySymbol\">&#82;&#36;<\/span>&nbsp;245,00<\/bdi><\/span> <span aria-hidden=\"true\">&ndash;<\/span> <span class=\"woocommerce-Price-amount amount\" aria-hidden=\"true\"><bdi><span class=\"woocommerce-Price-currencySymbol\">&#82;&#36;<\/span>&nbsp;856,00<\/bdi><\/span><span class=\"screen-reader-text\">Price range: &#82;&#36;&nbsp;245,00 through &#82;&#36;&nbsp;856,00<\/span><\/span>\n<\/a><a href=\"https:\/\/cloudazdra.com\/index.php\/product\/wc-serial-numbers-pro-lifetime\/\" aria-describedby=\"woocommerce_loop_add_to_cart_link_describedby_1289\" data-quantity=\"1\" class=\"button product_type_variable add_to_cart_button\" data-product_id=\"1289\" data-product_sku=\"\" aria-label=\"Selecione as op\u00e7\u00f5es para &ldquo;WC Serial Numbers Pro Lifetime&rdquo;\" rel=\"nofollow\">Ver op\u00e7\u00f5es<\/a>\t<span id=\"woocommerce_loop_add_to_cart_link_describedby_1289\" class=\"screen-reader-text\">\n\t\tEste produto tem v\u00e1rias variantes. As op\u00e7\u00f5es podem ser escolhidas na p\u00e1gina do produto\t<\/span>\n<\/li>\n<li class=\"product type-product post-1048 status-publish last instock product_cat-uncategorized has-post-thumbnail shipping-taxable purchasable product-type-variable\">\n\t<a href=\"https:\/\/cloudazdra.com\/index.php\/product\/wc-wholesale-manager-pro\/\" class=\"woocommerce-LoopProduct-link woocommerce-loop-product__link\"><img loading=\"lazy\" decoding=\"async\" width=\"300\" height=\"300\" src=\"https:\/\/cloudazdra.com\/wp-content\/uploads\/2025\/08\/woocommerce-b2b-solution-300x300.jpg\" class=\"attachment-woocommerce_thumbnail size-woocommerce_thumbnail\" alt=\"WC Wholesale Manager Pro\" srcset=\"https:\/\/cloudazdra.com\/wp-content\/uploads\/2025\/08\/woocommerce-b2b-solution-300x300.jpg 300w, https:\/\/cloudazdra.com\/wp-content\/uploads\/2025\/08\/woocommerce-b2b-solution-150x150.jpg 150w, https:\/\/cloudazdra.com\/wp-content\/uploads\/2025\/08\/woocommerce-b2b-solution-100x100.jpg 100w\" sizes=\"(max-width: 300px) 100vw, 300px\" \/><h2 class=\"woocommerce-loop-product__title\">WC Wholesale Manager Pro<\/h2>\n\t<span class=\"price\"><span class=\"woocommerce-Price-amount amount\" aria-hidden=\"true\"><bdi><span class=\"woocommerce-Price-currencySymbol\">&#82;&#36;<\/span>&nbsp;115,00<\/bdi><\/span> <span aria-hidden=\"true\">&ndash;<\/span> <span class=\"woocommerce-Price-amount amount\" aria-hidden=\"true\"><bdi><span class=\"woocommerce-Price-currencySymbol\">&#82;&#36;<\/span>&nbsp;1.000,00<\/bdi><\/span><span class=\"screen-reader-text\">Price range: &#82;&#36;&nbsp;115,00 through &#82;&#36;&nbsp;1.000,00<\/span><\/span>\n<\/a><a href=\"https:\/\/cloudazdra.com\/index.php\/product\/wc-wholesale-manager-pro\/\" aria-describedby=\"woocommerce_loop_add_to_cart_link_describedby_1048\" data-quantity=\"1\" class=\"button product_type_variable add_to_cart_button\" data-product_id=\"1048\" data-product_sku=\"\" aria-label=\"Selecione as op\u00e7\u00f5es para &ldquo;WC Wholesale Manager Pro&rdquo;\" rel=\"nofollow\">Ver op\u00e7\u00f5es<\/a>\t<span id=\"woocommerce_loop_add_to_cart_link_describedby_1048\" class=\"screen-reader-text\">\n\t\tEste produto tem v\u00e1rias variantes. As op\u00e7\u00f5es podem ser escolhidas na p\u00e1gina do produto\t<\/span>\n<\/li>\n<li class=\"product type-product post-1298 status-publish first instock product_cat-woocommerce product_cat-woocommerce-stripe-checkout product_cat-wordpress has-post-thumbnail shipping-taxable purchasable product-type-variable-subscription\">\n\t<a href=\"https:\/\/cloudazdra.com\/index.php\/product\/woocommerce-stripe-checkout\/\" class=\"woocommerce-LoopProduct-link woocommerce-loop-product__link\"><img loading=\"lazy\" decoding=\"async\" width=\"300\" height=\"300\" src=\"https:\/\/cloudazdra.com\/wp-content\/uploads\/2025\/08\/stripe-checkout-logo-300x300.png\" class=\"attachment-woocommerce_thumbnail size-woocommerce_thumbnail\" alt=\"Woocommerce Stripe Checkout\" srcset=\"https:\/\/cloudazdra.com\/wp-content\/uploads\/2025\/08\/stripe-checkout-logo-300x300.png 300w, https:\/\/cloudazdra.com\/wp-content\/uploads\/2025\/08\/stripe-checkout-logo-150x150.png 150w, https:\/\/cloudazdra.com\/wp-content\/uploads\/2025\/08\/stripe-checkout-logo-100x100.png 100w\" sizes=\"(max-width: 300px) 100vw, 300px\" \/><h2 class=\"woocommerce-loop-product__title\">Woocommerce Stripe Checkout<\/h2>\n\t<span class=\"price\"><span class=\"from\">A partir de: <\/span><span class=\"woocommerce-Price-amount amount\"><bdi><span class=\"woocommerce-Price-currencySymbol\">&#82;&#36;<\/span>&nbsp;23,99<\/bdi><\/span> <span class=\"subscription-details\"> \/ semana<\/span><\/span>\n<\/a><a href=\"https:\/\/cloudazdra.com\/index.php\/product\/woocommerce-stripe-checkout\/\" aria-describedby=\"woocommerce_loop_add_to_cart_link_describedby_1298\" data-quantity=\"1\" class=\"button product_type_variable-subscription add_to_cart_button\" data-product_id=\"1298\" data-product_sku=\"\" aria-label=\"Selecione as op\u00e7\u00f5es para &ldquo;Woocommerce Stripe Checkout&rdquo;\" rel=\"nofollow\">Ver op\u00e7\u00f5es<\/a>\t<span id=\"woocommerce_loop_add_to_cart_link_describedby_1298\" class=\"screen-reader-text\">\n\t\tEste produto tem v\u00e1rias variantes. As op\u00e7\u00f5es podem ser escolhidas na p\u00e1gina do produto\t<\/span>\n<\/li>\n<\/ul>\n<\/div>\n","protected":false},"excerpt":{"rendered":"","protected":false},"author":3,"featured_media":0,"parent":0,"menu_order":0,"comment_status":"closed","ping_status":"closed","template":"","meta":{"footnotes":""},"class_list":["post-1217","page","type-page","status-publish","hentry"],"blocksy_meta":[],"_links":{"self":[{"href":"https:\/\/cloudazdra.com\/index.php\/wp-json\/wp\/v2\/pages\/1217","targetHints":{"allow":["GET"]}}],"collection":[{"href":"https:\/\/cloudazdra.com\/index.php\/wp-json\/wp\/v2\/pages"}],"about":[{"href":"https:\/\/cloudazdra.com\/index.php\/wp-json\/wp\/v2\/types\/page"}],"author":[{"embeddable":true,"href":"https:\/\/cloudazdra.com\/index.php\/wp-json\/wp\/v2\/users\/3"}],"replies":[{"embeddable":true,"href":"https:\/\/cloudazdra.com\/index.php\/wp-json\/wp\/v2\/comments?post=1217"}],"version-history":[{"count":2,"href":"https:\/\/cloudazdra.com\/index.php\/wp-json\/wp\/v2\/pages\/1217\/revisions"}],"predecessor-version":[{"id":1219,"href":"https:\/\/cloudazdra.com\/index.php\/wp-json\/wp\/v2\/pages\/1217\/revisions\/1219"}],"wp:attachment":[{"href":"https:\/\/cloudazdra.com\/index.php\/wp-json\/wp\/v2\/media?parent=1217"}],"curies":[{"name":"wp","href":"https:\/\/api.w.org\/{rel}","templated":true}]}}