{"id":971,"date":"2025-08-21T22:47:16","date_gmt":"2025-08-21T22:47:16","guid":{"rendered":"https:\/\/hardhax.com\/?page_id=971"},"modified":"2025-09-01T22:38:20","modified_gmt":"2025-09-02T02:38:20","slug":"refund_returns","status":"publish","type":"page","link":"https:\/\/cloudazdra.com\/index.php\/refund_returns\/","title":{"rendered":"Pol\u00edtica de Reembolso \u2013 Cloud Azdra"},"content":{"rendered":"\n<p>Na Cloud Azdra, buscamos fornecer plugins WordPress de alta qualidade e excelente suporte ao cliente. Como nossos produtos s\u00e3o softwares digitais, temos uma pol\u00edtica de reembolso rigorosa, em conformidade com os requisitos do Stripe.<\/p>\n\n\n\n<h2 class=\"wp-block-heading\">1. Elegibilidade para Reembolso<\/h2>\n\n\n\n<p>Os reembolsos podem ser concedidos nas seguintes circunst\u00e2ncias:<\/p>\n\n\n\n<ul class=\"wp-block-list\">\n<li>O plugin n\u00e3o est\u00e1 funcionando conforme descrito e nossa equipe de suporte n\u00e3o consegue resolver o problema.<\/li>\n\n\n\n<li>Um pedido duplicado foi feito acidentalmente.<\/li>\n\n\n\n<li>Ocorreu um erro de faturamento durante a finaliza\u00e7\u00e3o da compra.<\/li>\n<\/ul>\n\n\n\n<h2 class=\"wp-block-heading\">2. Casos n\u00e3o reembols\u00e1veis<\/h2>\n\n\n\n<p>N\u00e3o ser\u00e3o fornecidos reembolsos se:<\/p>\n\n\n\n<ul class=\"wp-block-list\">\n<li>Voc\u00ea mudou de ideia ap\u00f3s a compra.<\/li>\n\n\n\n<li>Voc\u00ea comprou o produto errado ou n\u00e3o precisa mais dele.<\/li>\n\n\n\n<li>Seu site\/ambiente de servidor n\u00e3o atende aos requisitos m\u00ednimos listados na descri\u00e7\u00e3o do produto.<\/li>\n\n\n\n<li>O plugin entra em conflito com software de terceiros n\u00e3o oficialmente suportado.<\/li>\n<\/ul>\n\n\n\n<h2 class=\"wp-block-heading\">3. Processo de solicita\u00e7\u00e3o de reembolso<\/h2>\n\n\n\n<ul class=\"wp-block-list\">\n<li>Todas as solicita\u00e7\u00f5es de reembolso devem ser enviadas em at\u00e9 7 dias ap\u00f3s a compra.<\/li>\n\n\n\n<li>Para solicitar um reembolso, entre em contato conosco pelo e-mail support@cloudazdra.com com os detalhes do seu pedido e uma explica\u00e7\u00e3o clara do problema.<\/li>\n\n\n\n<li>Nossa equipe de suporte tentar\u00e1 resolver o problema antes de aprovar o reembolso.<\/li>\n<\/ul>\n\n\n\n<h2 class=\"wp-block-heading\">4. M\u00e9todo e prazo de reembolso<\/h2>\n\n\n\n<ul class=\"wp-block-list\">\n<li>Os reembolsos aprovados ser\u00e3o processados \u200b\u200bde volta para o m\u00e9todo de pagamento original utilizado durante a finaliza\u00e7\u00e3o da compra.<\/li>\n\n\n\n<li>Os reembolsos geralmente s\u00e3o conclu\u00eddos em 5 a 10 dias \u00fateis, dependendo do seu banco ou provedor de pagamento.<\/li>\n<\/ul>\n\n\n\n<h2 class=\"wp-block-heading\">5. Renova\u00e7\u00f5es de assinatura<\/h2>\n\n\n\n<ul class=\"wp-block-list\">\n<li>Se voc\u00ea adquiriu uma assinatura, pode cancel\u00e1-la a qualquer momento em sua conta.<\/li>\n\n\n\n<li>N\u00e3o ser\u00e3o emitidos reembolsos para ciclos de cobran\u00e7a anteriores. Para evitar cobran\u00e7as de renova\u00e7\u00e3o, cancele antes da pr\u00f3xima data de renova\u00e7\u00e3o.<\/li>\n<\/ul>\n","protected":false},"excerpt":{"rendered":"<p>Na Cloud Azdra, buscamos fornecer plugins WordPress de alta qualidade e excelente suporte ao cliente. Como nossos produtos s\u00e3o softwares digitais, temos uma pol\u00edtica de reembolso rigorosa, em conformidade com os requisitos do Stripe. 1. Elegibilidade para Reembolso Os reembolsos podem ser concedidos nas seguintes circunst\u00e2ncias: 2. Casos n\u00e3o reembols\u00e1veis N\u00e3o ser\u00e3o fornecidos reembolsos se: [&hellip;]<\/p>\n","protected":false},"author":3,"featured_media":0,"parent":0,"menu_order":0,"comment_status":"closed","ping_status":"closed","template":"","meta":{"footnotes":""},"class_list":["post-971","page","type-page","status-publish","hentry"],"blocksy_meta":[],"_links":{"self":[{"href":"https:\/\/cloudazdra.com\/index.php\/wp-json\/wp\/v2\/pages\/971","targetHints":{"allow":["GET"]}}],"collection":[{"href":"https:\/\/cloudazdra.com\/index.php\/wp-json\/wp\/v2\/pages"}],"about":[{"href":"https:\/\/cloudazdra.com\/index.php\/wp-json\/wp\/v2\/types\/page"}],"author":[{"embeddable":true,"href":"https:\/\/cloudazdra.com\/index.php\/wp-json\/wp\/v2\/users\/3"}],"replies":[{"embeddable":true,"href":"https:\/\/cloudazdra.com\/index.php\/wp-json\/wp\/v2\/comments?post=971"}],"version-history":[{"count":4,"href":"https:\/\/cloudazdra.com\/index.php\/wp-json\/wp\/v2\/pages\/971\/revisions"}],"predecessor-version":[{"id":1373,"href":"https:\/\/cloudazdra.com\/index.php\/wp-json\/wp\/v2\/pages\/971\/revisions\/1373"}],"wp:attachment":[{"href":"https:\/\/cloudazdra.com\/index.php\/wp-json\/wp\/v2\/media?parent=971"}],"curies":[{"name":"wp","href":"https:\/\/api.w.org\/{rel}","templated":true}]}}