{"id":1048,"date":"2025-08-18T02:22:18","date_gmt":"2025-08-18T02:22:18","guid":{"rendered":"https:\/\/hardhax.com\/?post_type=product&#038;p=1048"},"modified":"2025-10-01T16:21:25","modified_gmt":"2025-10-01T20:21:25","slug":"wc-wholesale-manager-pro","status":"publish","type":"product","link":"https:\/\/cloudazdra.com\/index.php\/product\/wc-wholesale-manager-pro\/","title":{"rendered":"WC Wholesale Manager Pro"},"content":{"rendered":"<h2 data-start=\"104\" data-end=\"133\">WooCommerce B2B Solution<\/h2>\n<h3 data-start=\"135\" data-end=\"197\">Estruture sua loja para vendas B2B de forma profissional<\/h3>\n<ul data-start=\"199\" data-end=\"686\">\n<li data-start=\"199\" data-end=\"315\">\n<p data-start=\"201\" data-end=\"315\">Crie m\u00faltiplos <strong data-start=\"216\" data-end=\"251\">n\u00edveis de fun\u00e7\u00e3o de usu\u00e1rio B2B<\/strong>, com descontos baseados em fun\u00e7\u00e3o para produtos e categorias.<\/p>\n<\/li>\n<li data-start=\"316\" data-end=\"393\">\n<p data-start=\"318\" data-end=\"393\">Defina o tipo de desconto por fun\u00e7\u00e3o de usu\u00e1rio (<strong data-start=\"367\" data-end=\"389\">fixo ou percentual<\/strong>).<\/p>\n<\/li>\n<li data-start=\"394\" data-end=\"525\">\n<p data-start=\"396\" data-end=\"525\">Aloque usu\u00e1rios B2B em diferentes fun\u00e7\u00f5es e atribua <strong data-start=\"448\" data-end=\"495\">pre\u00e7os, descontos ou impostos diferenciados<\/strong> para cada n\u00edvel de atacado.<\/p>\n<\/li>\n<li data-start=\"526\" data-end=\"686\">\n<p data-start=\"528\" data-end=\"686\">Personalize o estilo da sua loja alterando <strong data-start=\"571\" data-end=\"670\">cor de fundo dos bot\u00f5es, cor do texto, nomes de categorias, descri\u00e7\u00f5es, \u00edcones e cores de hover<\/strong> nos produtos.<\/p>\n<\/li>\n<\/ul>\n<hr data-start=\"688\" data-end=\"691\" \/>\n<h3 data-start=\"693\" data-end=\"722\">Atacado com Privacidade<\/h3>\n<ul data-start=\"724\" data-end=\"1228\">\n<li data-start=\"724\" data-end=\"827\">\n<p data-start=\"726\" data-end=\"827\">Defina a <strong data-start=\"735\" data-end=\"775\">visibilidade da sua loja B2B\/Atacado<\/strong>: P\u00fablica, Somente P\u00fablico ou Somente Atacadistas.<\/p>\n<\/li>\n<li data-start=\"828\" data-end=\"945\">\n<p data-start=\"830\" data-end=\"945\"><strong data-start=\"830\" data-end=\"860\">Oculte produtos de atacado<\/strong> para clientes comuns e crie uma loja de atacado privada dentro do seu WooCommerce.<\/p>\n<\/li>\n<li data-start=\"946\" data-end=\"1053\">\n<p data-start=\"948\" data-end=\"1053\">Configure <strong data-start=\"958\" data-end=\"1013\">pre\u00e7os de atacado para Produtos Simples e Vari\u00e1veis<\/strong> (com pre\u00e7os diferentes por varia\u00e7\u00e3o).<\/p>\n<\/li>\n<li data-start=\"1054\" data-end=\"1228\">\n<p data-start=\"1056\" data-end=\"1228\">Crie campos personalizados para cadastro, com op\u00e7\u00e3o obrigat\u00f3ria ou opcional. S\u00e3o <strong data-start=\"1137\" data-end=\"1169\">9 tipos diferentes de campos<\/strong>, como Texto, N\u00famero, URL, E-mail, Checkbox e muito mais.<\/p>\n<\/li>\n<\/ul>\n<hr data-start=\"1230\" data-end=\"1233\" \/>\n<h3 data-start=\"1235\" data-end=\"1259\">F\u00e1cil de Gerenciar<\/h3>\n<ul data-start=\"1261\" data-end=\"1767\">\n<li data-start=\"1261\" data-end=\"1405\">\n<p data-start=\"1263\" data-end=\"1405\">Disponibilize <strong data-start=\"1277\" data-end=\"1315\">p\u00e1ginas de cadastro de atacadistas<\/strong> usando shortcodes ou opte pelo <strong data-start=\"1347\" data-end=\"1366\">cadastro manual<\/strong>, com aprova\u00e7\u00e3o manual ou autom\u00e1tica.<\/p>\n<\/li>\n<li data-start=\"1406\" data-end=\"1561\">\n<p data-start=\"1408\" data-end=\"1561\">Sistema avan\u00e7ado de aprova\u00e7\u00e3o de usu\u00e1rios com <strong data-start=\"1454\" data-end=\"1491\">campos de cadastro personalizados<\/strong> e possibilidade de definir <strong data-start=\"1519\" data-end=\"1545\">valor m\u00ednimo de pedido<\/strong> <em data-start=\"1546\" data-end=\"1558\">(em breve)<\/em>.<\/p>\n<\/li>\n<li data-start=\"1562\" data-end=\"1659\">\n<p data-start=\"1564\" data-end=\"1659\">Exclua impostos para usu\u00e1rios de atacado e <strong data-start=\"1607\" data-end=\"1638\">desative cupons WooCommerce<\/strong> para clientes B2B.<\/p>\n<\/li>\n<li data-start=\"1660\" data-end=\"1767\">\n<p data-start=\"1662\" data-end=\"1767\">Personalize os <strong data-start=\"1677\" data-end=\"1700\">templates de e-mail<\/strong> e envie notifica\u00e7\u00f5es autom\u00e1ticas para seus clientes atacadistas.<\/p>\n<\/li>\n<\/ul>\n<hr data-start=\"1769\" data-end=\"1772\" \/>\n<p data-start=\"1774\" data-end=\"1968\">Esse plugin transforma sua loja WooCommerce em uma solu\u00e7\u00e3o <strong data-start=\"1833\" data-end=\"1864\">B2B completa e profissional<\/strong>, garantindo <strong data-start=\"1877\" data-end=\"1965\">controle total sobre pre\u00e7os, descontos, visibilidade e gest\u00e3o de clientes de atacado<\/strong>.<\/p>\n","protected":false},"excerpt":{"rendered":"<p>O WC Wholesale Manager Pro \u00e9 uma solu\u00e7\u00e3o B2B completa para WooCommerce que permite criar m\u00faltiplos n\u00edveis de usu\u00e1rios wholesale com descontos espec\u00edficos por produto e categoria, al\u00e9m de definir tipos de desconto (fixo ou percentual) para cada fun\u00e7\u00e3o. Voc\u00ea pode personalizar a apar\u00eancia do seu site, alterando cores de bot\u00f5es, categorias, descri\u00e7\u00f5es e \u00edcones, al\u00e9m de configurar a visibilidade do conte\u00fado para diferentes grupos, criando uma loja wholesale privada dentro do seu WooCommerce. O plugin tamb\u00e9m facilita a gest\u00e3o de pre\u00e7os diferenciados para produtos simples e vari\u00e1veis, al\u00e9m de oferecer campos personalizados para cadastro de usu\u00e1rios, op\u00e7\u00f5es de aprova\u00e7\u00e3o manual ou autom\u00e1tica, limites de pedidos m\u00ednimos, exclus\u00e3o de impostos e cupons para wholesale, al\u00e9m de permitir a personaliza\u00e7\u00e3o de templates de email, tornando sua experi\u00eancia de gest\u00e3o B2B mais eficiente, segura e visualmente alinhada \u00e0 sua marca.<\/p>\n","protected":false},"featured_media":1052,"template":"","meta":[],"product_brand":[],"product_cat":[18],"product_tag":[],"class_list":{"0":"post-1048","1":"product","2":"type-product","3":"status-publish","4":"has-post-thumbnail","6":"product_cat-uncategorized","8":"first","9":"instock","10":"shipping-taxable","11":"purchasable","12":"product-type-variable"},"_links":{"self":[{"href":"https:\/\/cloudazdra.com\/index.php\/wp-json\/wp\/v2\/product\/1048","targetHints":{"allow":["GET"]}}],"collection":[{"href":"https:\/\/cloudazdra.com\/index.php\/wp-json\/wp\/v2\/product"}],"about":[{"href":"https:\/\/cloudazdra.com\/index.php\/wp-json\/wp\/v2\/types\/product"}],"wp:featuredmedia":[{"embeddable":true,"href":"https:\/\/cloudazdra.com\/index.php\/wp-json\/wp\/v2\/media\/1052"}],"wp:attachment":[{"href":"https:\/\/cloudazdra.com\/index.php\/wp-json\/wp\/v2\/media?parent=1048"}],"wp:term":[{"taxonomy":"product_brand","embeddable":true,"href":"https:\/\/cloudazdra.com\/index.php\/wp-json\/wp\/v2\/product_brand?post=1048"},{"taxonomy":"product_cat","embeddable":true,"href":"https:\/\/cloudazdra.com\/index.php\/wp-json\/wp\/v2\/product_cat?post=1048"},{"taxonomy":"product_tag","embeddable":true,"href":"https:\/\/cloudazdra.com\/index.php\/wp-json\/wp\/v2\/product_tag?post=1048"}],"curies":[{"name":"wp","href":"https:\/\/api.w.org\/{rel}","templated":true}]}}