{"id":1289,"date":"2025-08-22T23:26:33","date_gmt":"2025-08-22T23:26:33","guid":{"rendered":"https:\/\/cloud-azdra.com\/?post_type=product&#038;p=1289"},"modified":"2025-09-01T20:06:39","modified_gmt":"2025-09-01T20:06:39","slug":"wc-serial-numbers-pro-lifetime","status":"publish","type":"product","link":"https:\/\/cloudazdra.com\/index.php\/product\/wc-serial-numbers-pro-lifetime\/","title":{"rendered":"WC Serial Numbers Pro Lifetime"},"content":{"rendered":"","protected":false},"excerpt":{"rendered":"<p>O WC Serial Numbers Pro Lifetime oferece uma solu\u00e7\u00e3o completa e duradoura para gerenciamento de licen\u00e7as, chaves de ativa\u00e7\u00e3o e n\u00fameros de s\u00e9rie em sua loja WooCommerce, com uma compra \u00fanica que inclui suporte e atualiza\u00e7\u00f5es vital\u00edcias. Permite gera\u00e7\u00e3o autom\u00e1tica, importa\u00e7\u00e3o em massa, entrega segura via email ou SMS, al\u00e9m de valida\u00e7\u00e3o via API, garantindo controle total sobre distribui\u00e7\u00f5es digitais, prote\u00e7\u00e3o contra pirataria e satisfa\u00e7\u00e3o do cliente. Ideal para lojas que vendem software, produtos digitais, eventos ou produtos f\u00edsicos com serial, essa vers\u00e3o lifetime elimina preocupa\u00e7\u00f5es com renova\u00e7\u00f5es ou custos recorrentes, oferecendo uma solu\u00e7\u00e3o confi\u00e1vel e escal\u00e1vel para o seu neg\u00f3cio digital.<\/p>\n","protected":false},"featured_media":1031,"template":"","meta":[],"product_brand":[],"product_cat":[42,41,43,27],"product_tag":[],"class_list":{"0":"post-1289","1":"product","2":"type-product","3":"status-publish","4":"has-post-thumbnail","6":"product_cat-wc-serial-numbers-pro","7":"product_cat-wc-serial-numbers-pro-lifetime","8":"product_cat-woocommerce","9":"product_cat-wordpress","11":"first","12":"instock","13":"shipping-taxable","14":"purchasable","15":"product-type-variable"},"_links":{"self":[{"href":"https:\/\/cloudazdra.com\/index.php\/wp-json\/wp\/v2\/product\/1289","targetHints":{"allow":["GET"]}}],"collection":[{"href":"https:\/\/cloudazdra.com\/index.php\/wp-json\/wp\/v2\/product"}],"about":[{"href":"https:\/\/cloudazdra.com\/index.php\/wp-json\/wp\/v2\/types\/product"}],"wp:featuredmedia":[{"embeddable":true,"href":"https:\/\/cloudazdra.com\/index.php\/wp-json\/wp\/v2\/media\/1031"}],"wp:attachment":[{"href":"https:\/\/cloudazdra.com\/index.php\/wp-json\/wp\/v2\/media?parent=1289"}],"wp:term":[{"taxonomy":"product_brand","embeddable":true,"href":"https:\/\/cloudazdra.com\/index.php\/wp-json\/wp\/v2\/product_brand?post=1289"},{"taxonomy":"product_cat","embeddable":true,"href":"https:\/\/cloudazdra.com\/index.php\/wp-json\/wp\/v2\/product_cat?post=1289"},{"taxonomy":"product_tag","embeddable":true,"href":"https:\/\/cloudazdra.com\/index.php\/wp-json\/wp\/v2\/product_tag?post=1289"}],"curies":[{"name":"wp","href":"https:\/\/api.w.org\/{rel}","templated":true}]}}