{"id":1293,"date":"2025-08-23T00:08:48","date_gmt":"2025-08-23T00:08:48","guid":{"rendered":"https:\/\/cloud-azdra.com\/?post_type=product&#038;p=1293"},"modified":"2025-09-01T20:25:22","modified_gmt":"2025-09-01T20:25:22","slug":"premium-plan-all-plugins-acess","status":"publish","type":"product","link":"https:\/\/cloudazdra.com\/index.php\/product\/premium-plan-all-plugins-acess\/","title":{"rendered":"Plano Premium &#8211; Acesso a todos os Plugins"},"content":{"rendered":"","protected":false},"excerpt":{"rendered":"<p>O Plano Premium &#8211; Acesso a Todos os Plugins oferece uma solu\u00e7\u00e3o completa para potencializar seu site com recursos avan\u00e7ados e funcionalidades exclusivas. Com este plano, voc\u00ea tem acesso ilimitado a toda a nossa linha de plugins, garantindo maior flexibilidade, seguran\u00e7a e desempenho para o seu projeto. Ideal para quem busca otimizar a performance do site, aumentar as convers\u00f5es e ter suporte completo para todas as necessidades de personaliza\u00e7\u00e3o. Aproveite a facilidade de gerenciar tudo em um \u00fanico plano e leve seu site ao pr\u00f3ximo n\u00edvel com nossas solu\u00e7\u00f5es premium.<\/p>\n","protected":false},"featured_media":1297,"template":"","meta":[],"product_brand":[],"product_cat":[44,45,43,27],"product_tag":[],"class_list":{"0":"post-1293","1":"product","2":"type-product","3":"status-publish","4":"has-post-thumbnail","6":"product_cat-premium-plan","7":"product_cat-premium-plan-all-plugins-acess","8":"product_cat-woocommerce","9":"product_cat-wordpress","11":"first","12":"instock","13":"shipping-taxable","14":"purchasable","15":"product-type-variable-subscription"},"_links":{"self":[{"href":"https:\/\/cloudazdra.com\/index.php\/wp-json\/wp\/v2\/product\/1293","targetHints":{"allow":["GET"]}}],"collection":[{"href":"https:\/\/cloudazdra.com\/index.php\/wp-json\/wp\/v2\/product"}],"about":[{"href":"https:\/\/cloudazdra.com\/index.php\/wp-json\/wp\/v2\/types\/product"}],"wp:featuredmedia":[{"embeddable":true,"href":"https:\/\/cloudazdra.com\/index.php\/wp-json\/wp\/v2\/media\/1297"}],"wp:attachment":[{"href":"https:\/\/cloudazdra.com\/index.php\/wp-json\/wp\/v2\/media?parent=1293"}],"wp:term":[{"taxonomy":"product_brand","embeddable":true,"href":"https:\/\/cloudazdra.com\/index.php\/wp-json\/wp\/v2\/product_brand?post=1293"},{"taxonomy":"product_cat","embeddable":true,"href":"https:\/\/cloudazdra.com\/index.php\/wp-json\/wp\/v2\/product_cat?post=1293"},{"taxonomy":"product_tag","embeddable":true,"href":"https:\/\/cloudazdra.com\/index.php\/wp-json\/wp\/v2\/product_tag?post=1293"}],"curies":[{"name":"wp","href":"https:\/\/api.w.org\/{rel}","templated":true}]}}