{"id":1298,"date":"2025-08-28T16:45:51","date_gmt":"2025-08-28T16:45:51","guid":{"rendered":"https:\/\/cloud-azdra.com\/?post_type=product&#038;p=1298"},"modified":"2025-09-01T20:10:46","modified_gmt":"2025-09-01T20:10:46","slug":"woocommerce-stripe-checkout","status":"publish","type":"product","link":"https:\/\/cloudazdra.com\/index.php\/product\/woocommerce-stripe-checkout\/","title":{"rendered":"Woocommerce Stripe Checkout"},"content":{"rendered":"<p>O plugin WooCommerce Stripe Checkout simplifica pagamentos diretos ao gerar links de pagamento seguros e f\u00e1ceis de usar, oferecendo aos clientes uma experi\u00eancia de checkout r\u00e1pida e segura. Ele facilita a gest\u00e3o das transa\u00e7\u00f5es, aproveitando a infraestrutura robusta e confi\u00e1vel do Stripe, integrada de forma transparente ao WooCommerce. Essa integra\u00e7\u00e3o melhora a satisfa\u00e7\u00e3o dos clientes e aumenta a efici\u00eancia operacional, tornando as transa\u00e7\u00f5es online mais convenientes, seguras e confi\u00e1veis.<\/p>\n","protected":false},"excerpt":{"rendered":"<p>Pagamento direto com Stripe Checkout via link de pagamento.<\/p>\n","protected":false},"featured_media":1299,"template":"","meta":[],"product_brand":[],"product_cat":[43,46,27],"product_tag":[],"class_list":{"0":"post-1298","1":"product","2":"type-product","3":"status-publish","4":"has-post-thumbnail","6":"product_cat-woocommerce","7":"product_cat-woocommerce-stripe-checkout","8":"product_cat-wordpress","10":"first","11":"instock","12":"shipping-taxable","13":"purchasable","14":"product-type-variable-subscription"},"_links":{"self":[{"href":"https:\/\/cloudazdra.com\/index.php\/wp-json\/wp\/v2\/product\/1298","targetHints":{"allow":["GET"]}}],"collection":[{"href":"https:\/\/cloudazdra.com\/index.php\/wp-json\/wp\/v2\/product"}],"about":[{"href":"https:\/\/cloudazdra.com\/index.php\/wp-json\/wp\/v2\/types\/product"}],"wp:featuredmedia":[{"embeddable":true,"href":"https:\/\/cloudazdra.com\/index.php\/wp-json\/wp\/v2\/media\/1299"}],"wp:attachment":[{"href":"https:\/\/cloudazdra.com\/index.php\/wp-json\/wp\/v2\/media?parent=1298"}],"wp:term":[{"taxonomy":"product_brand","embeddable":true,"href":"https:\/\/cloudazdra.com\/index.php\/wp-json\/wp\/v2\/product_brand?post=1298"},{"taxonomy":"product_cat","embeddable":true,"href":"https:\/\/cloudazdra.com\/index.php\/wp-json\/wp\/v2\/product_cat?post=1298"},{"taxonomy":"product_tag","embeddable":true,"href":"https:\/\/cloudazdra.com\/index.php\/wp-json\/wp\/v2\/product_tag?post=1298"}],"curies":[{"name":"wp","href":"https:\/\/api.w.org\/{rel}","templated":true}]}}