{"id":1396,"date":"2025-09-09T13:39:12","date_gmt":"2025-09-09T17:39:12","guid":{"rendered":"https:\/\/cloud-azdra.com\/?post_type=product&#038;p=1396"},"modified":"2025-09-09T13:39:29","modified_gmt":"2025-09-09T17:39:29","slug":"cs2-premium-plan-cs2-easyflexchat","status":"publish","type":"product","link":"https:\/\/cloudazdra.com\/index.php\/product\/cs2-premium-plan-cs2-easyflexchat\/","title":{"rendered":"CS2 &#8211; Plano Premium (CS2-EasyFlexChat)"},"content":{"rendered":"<h2 data-start=\"124\" data-end=\"186\">CS2-EasyFlexChat \u2013 O Chat Avan\u00e7ado para Servidores CS2<\/h2>\n<p data-start=\"188\" data-end=\"363\">Transforme a experi\u00eancia dos jogadores no seu servidor com o <strong data-start=\"249\" data-end=\"269\">CS2-EasyFlexChat<\/strong>, um plugin poderoso e totalmente personaliz\u00e1vel que leva a intera\u00e7\u00e3o no chat a outro n\u00edvel.<\/p>\n<h3 data-start=\"365\" data-end=\"392\">\u2728 Recursos Principais<\/h3>\n<ul data-start=\"393\" data-end=\"1014\">\n<li data-start=\"393\" data-end=\"479\">\n<p data-start=\"395\" data-end=\"479\">\ud83c\udfad <strong data-start=\"398\" data-end=\"426\">Mensagens de Boas-Vindas<\/strong>: receba cada jogador com mensagens personalizadas.<\/p>\n<\/li>\n<li data-start=\"480\" data-end=\"595\">\n<p data-start=\"482\" data-end=\"595\">\ud83d\udee0\ufe0f <strong data-start=\"486\" data-end=\"512\">Comandos Customiz\u00e1veis<\/strong>: crie seus pr\u00f3prios comandos de chat para facilitar a administra\u00e7\u00e3o ou divers\u00e3o.<\/p>\n<\/li>\n<li data-start=\"596\" data-end=\"712\">\n<p data-start=\"598\" data-end=\"712\">\ud83c\udfb2 <strong data-start=\"601\" data-end=\"626\">Mini-Jogos Integrados<\/strong>: pedra-papel-tesoura, rolagem de dados, escolha de n\u00fameros aleat\u00f3rios e muito mais.<\/p>\n<\/li>\n<li data-start=\"713\" data-end=\"823\">\n<p data-start=\"715\" data-end=\"823\">\ud83d\udd12 <strong data-start=\"718\" data-end=\"743\">Sistema de Permiss\u00f5es<\/strong>: defina comandos exclusivos para jogadores VIP, admins ou grupos espec\u00edficos.<\/p>\n<\/li>\n<li data-start=\"824\" data-end=\"909\">\n<p data-start=\"826\" data-end=\"909\">\ud83c\udf0d <strong data-start=\"829\" data-end=\"852\">Suporte Multil\u00edngue<\/strong>: adapte o chat para diferentes p\u00fablicos e comunidades.<\/p>\n<\/li>\n<li data-start=\"910\" data-end=\"1014\">\n<p data-start=\"912\" data-end=\"1014\">\ud83d\udcac <strong data-start=\"915\" data-end=\"934\">Estilo Flex\u00edvel<\/strong>: personalize cores, prefixos e design das mensagens para deixar o chat \u00fanico.<\/p>\n<\/li>\n<\/ul>\n<h3 data-start=\"1016\" data-end=\"1055\">\ud83c\udfae Benef\u00edcios para o seu servidor<\/h3>\n<p data-start=\"1056\" data-end=\"1350\">\u2714\ufe0f Aumenta o engajamento dos jogadores com intera\u00e7\u00f5es divertidas.<br data-start=\"1121\" data-end=\"1124\" \/>\u2714\ufe0f Oferece diferenciais exclusivos para <strong data-start=\"1164\" data-end=\"1172\">VIPs<\/strong>, incentivando assinaturas no servidor.<br data-start=\"1211\" data-end=\"1214\" \/>\u2714\ufe0f Facilita a administra\u00e7\u00e3o com comandos r\u00e1pidos e organizados.<br data-start=\"1277\" data-end=\"1280\" \/>\u2714\ufe0f Torna o ambiente mais profissional e acolhedor para a comunidade.<\/p>\n","protected":false},"excerpt":{"rendered":"<p>O <strong data-start=\"1578\" data-end=\"1598\">CS2-EasyFlexChat<\/strong> \u00e9 o plugin ideal para donos de servidor que querem transformar o chat em uma ferramenta de <strong data-start=\"1690\" data-end=\"1731\">divers\u00e3o, engajamento e exclusividade<\/strong>. Com ele, seu servidor se destaca e conquista mais jogadores fi\u00e9is<\/p>\n","protected":false},"featured_media":1401,"template":"","meta":[],"product_brand":[],"product_cat":[49,48,50,18],"product_tag":[51,53,52],"class_list":{"0":"post-1396","1":"product","2":"type-product","3":"status-publish","4":"has-post-thumbnail","6":"product_cat-cs2-plano-premium","7":"product_cat-cs2-premium-plan","8":"product_cat-cs2-easyflexchat","9":"product_cat-uncategorized","10":"product_tag-counter-strike-2","11":"product_tag-cs2-chat-plugin","12":"product_tag-cs2-plugins","14":"first","15":"instock","16":"shipping-taxable","17":"purchasable","18":"product-type-variable-subscription"},"_links":{"self":[{"href":"https:\/\/cloudazdra.com\/index.php\/wp-json\/wp\/v2\/product\/1396","targetHints":{"allow":["GET"]}}],"collection":[{"href":"https:\/\/cloudazdra.com\/index.php\/wp-json\/wp\/v2\/product"}],"about":[{"href":"https:\/\/cloudazdra.com\/index.php\/wp-json\/wp\/v2\/types\/product"}],"wp:featuredmedia":[{"embeddable":true,"href":"https:\/\/cloudazdra.com\/index.php\/wp-json\/wp\/v2\/media\/1401"}],"wp:attachment":[{"href":"https:\/\/cloudazdra.com\/index.php\/wp-json\/wp\/v2\/media?parent=1396"}],"wp:term":[{"taxonomy":"product_brand","embeddable":true,"href":"https:\/\/cloudazdra.com\/index.php\/wp-json\/wp\/v2\/product_brand?post=1396"},{"taxonomy":"product_cat","embeddable":true,"href":"https:\/\/cloudazdra.com\/index.php\/wp-json\/wp\/v2\/product_cat?post=1396"},{"taxonomy":"product_tag","embeddable":true,"href":"https:\/\/cloudazdra.com\/index.php\/wp-json\/wp\/v2\/product_tag?post=1396"}],"curies":[{"name":"wp","href":"https:\/\/api.w.org\/{rel}","templated":true}]}}